{"id":304,"date":"2025-05-21T00:02:32","date_gmt":"2025-05-20T22:02:32","guid":{"rendered":"https:\/\/digitalmakersweb.com\/marca\/?page_id=304"},"modified":"2025-05-21T01:24:49","modified_gmt":"2025-05-20T23:24:49","slug":"blog","status":"publish","type":"page","link":"https:\/\/digitalmakersweb.com\/marca\/blog\/","title":{"rendered":"Blog"},"content":{"rendered":"\t\t<div data-elementor-type=\"wp-page\" data-elementor-id=\"304\" class=\"elementor elementor-304\" data-elementor-post-type=\"page\">\n\t\t\t\t<div class=\"elementor-element elementor-element-4e623ce e-flex e-con-boxed e-con e-parent\" data-id=\"4e623ce\" data-element_type=\"container\">\n\t\t\t\t\t<div class=\"e-con-inner\">\n\t\t\t\t<div class=\"elementor-element elementor-element-0fcdb92 elementor-grid-3 elementor-grid-tablet-2 elementor-grid-mobile-1 elementor-posts--thumbnail-top elementor-widget elementor-widget-posts\" data-id=\"0fcdb92\" data-element_type=\"widget\" data-settings=\"{&quot;classic_columns&quot;:&quot;3&quot;,&quot;classic_columns_tablet&quot;:&quot;2&quot;,&quot;classic_columns_mobile&quot;:&quot;1&quot;,&quot;classic_row_gap&quot;:{&quot;unit&quot;:&quot;px&quot;,&quot;size&quot;:35,&quot;sizes&quot;:[]},&quot;classic_row_gap_tablet&quot;:{&quot;unit&quot;:&quot;px&quot;,&quot;size&quot;:&quot;&quot;,&quot;sizes&quot;:[]},&quot;classic_row_gap_mobile&quot;:{&quot;unit&quot;:&quot;px&quot;,&quot;size&quot;:&quot;&quot;,&quot;sizes&quot;:[]}}\" data-widget_type=\"posts.classic\">\n\t\t\t\t<div class=\"elementor-widget-container\">\n\t\t\t\t\t\t\t<div class=\"elementor-posts-container elementor-posts elementor-posts--skin-classic elementor-grid\">\n\t\t\t\t<article class=\"elementor-post elementor-grid-item post-150 post type-post status-publish format-standard has-post-thumbnail hentry category-proyectos\">\n\t\t\t\t<a class=\"elementor-post__thumbnail__link\" href=\"https:\/\/digitalmakersweb.com\/marca\/fabrica\/\" tabindex=\"-1\" >\n\t\t\t<div class=\"elementor-post__thumbnail\"><img fetchpriority=\"high\" decoding=\"async\" width=\"260\" height=\"300\" src=\"https:\/\/digitalmakersweb.com\/marca\/wp-content\/uploads\/sites\/29\/sites\/29\/2022\/01\/Post_Omi_Img_Featured-260x300.jpg\" class=\"attachment-medium size-medium wp-image-153\" alt=\"\" srcset=\"https:\/\/digitalmakersweb.com\/marca\/wp-content\/uploads\/sites\/29\/sites\/29\/2022\/01\/Post_Omi_Img_Featured-260x300.jpg 260w, https:\/\/digitalmakersweb.com\/marca\/wp-content\/uploads\/sites\/29\/sites\/29\/2022\/01\/Post_Omi_Img_Featured-768x885.jpg 768w, https:\/\/digitalmakersweb.com\/marca\/wp-content\/uploads\/sites\/29\/sites\/29\/2022\/01\/Post_Omi_Img_Featured-600x692.jpg 600w, https:\/\/digitalmakersweb.com\/marca\/wp-content\/uploads\/sites\/29\/sites\/29\/2022\/01\/Post_Omi_Img_Featured.jpg 863w\" sizes=\"(max-width: 260px) 100vw, 260px\" \/><\/div>\n\t\t<\/a>\n\t\t\t\t<div class=\"elementor-post__text\">\n\t\t\t\t<h3 class=\"elementor-post__title\">\n\t\t\t<a href=\"https:\/\/digitalmakersweb.com\/marca\/fabrica\/\" >\n\t\t\t\tFabrica\t\t\t<\/a>\n\t\t<\/h3>\n\t\t\t\t<div class=\"elementor-post__meta-data\">\n\t\t\t\t\t<span class=\"elementor-post-date\">\n\t\t\t2025-02-10\t\t<\/span>\n\t\t\t\t<span class=\"elementor-post-avatar\">\n\t\t\tNo hay comentarios\t\t<\/span>\n\t\t\t\t<\/div>\n\t\t\t\t<div class=\"elementor-post__excerpt\">\n\t\t\t<p>Auditor\u00eda digital, investigaci\u00f3n de mercados, experiencia de usuario<\/p>\n\t\t<\/div>\n\t\t\n\t\t<a class=\"elementor-post__read-more\" href=\"https:\/\/digitalmakersweb.com\/marca\/fabrica\/\" aria-label=\"M\u00e1s informaci\u00f3n sobre Fabrica\" tabindex=\"-1\" >\n\t\t\tLeer m\u00e1s \u00bb\t\t<\/a>\n\n\t\t\t\t<\/div>\n\t\t\t\t<\/article>\n\t\t\t\t<article class=\"elementor-post elementor-grid-item post-149 post type-post status-publish format-standard has-post-thumbnail hentry category-proyectos\">\n\t\t\t\t<a class=\"elementor-post__thumbnail__link\" href=\"https:\/\/digitalmakersweb.com\/marca\/interiores\/\" tabindex=\"-1\" >\n\t\t\t<div class=\"elementor-post__thumbnail\"><img decoding=\"async\" width=\"260\" height=\"300\" src=\"https:\/\/digitalmakersweb.com\/marca\/wp-content\/uploads\/sites\/29\/sites\/29\/2022\/01\/Post_Marie_Img_Featured-260x300.jpg\" class=\"attachment-medium size-medium wp-image-155\" alt=\"\" srcset=\"https:\/\/digitalmakersweb.com\/marca\/wp-content\/uploads\/sites\/29\/sites\/29\/2022\/01\/Post_Marie_Img_Featured-260x300.jpg 260w, https:\/\/digitalmakersweb.com\/marca\/wp-content\/uploads\/sites\/29\/sites\/29\/2022\/01\/Post_Marie_Img_Featured-768x885.jpg 768w, https:\/\/digitalmakersweb.com\/marca\/wp-content\/uploads\/sites\/29\/sites\/29\/2022\/01\/Post_Marie_Img_Featured-600x692.jpg 600w, https:\/\/digitalmakersweb.com\/marca\/wp-content\/uploads\/sites\/29\/sites\/29\/2022\/01\/Post_Marie_Img_Featured.jpg 863w\" sizes=\"(max-width: 260px) 100vw, 260px\" \/><\/div>\n\t\t<\/a>\n\t\t\t\t<div class=\"elementor-post__text\">\n\t\t\t\t<h3 class=\"elementor-post__title\">\n\t\t\t<a href=\"https:\/\/digitalmakersweb.com\/marca\/interiores\/\" >\n\t\t\t\tDise\u00f1o\t\t\t<\/a>\n\t\t<\/h3>\n\t\t\t\t<div class=\"elementor-post__meta-data\">\n\t\t\t\t\t<span class=\"elementor-post-date\">\n\t\t\t2025-02-10\t\t<\/span>\n\t\t\t\t<span class=\"elementor-post-avatar\">\n\t\t\tNo hay comentarios\t\t<\/span>\n\t\t\t\t<\/div>\n\t\t\t\t<div class=\"elementor-post__excerpt\">\n\t\t\t<p>Investigaci\u00f3n, Dise\u00f1o de Impresi\u00f3n, Creaci\u00f3n de Contenidos, Dise\u00f1o Web<\/p>\n\t\t<\/div>\n\t\t\n\t\t<a class=\"elementor-post__read-more\" href=\"https:\/\/digitalmakersweb.com\/marca\/interiores\/\" aria-label=\"M\u00e1s informaci\u00f3n sobre Dise\u00f1o\" tabindex=\"-1\" >\n\t\t\tLeer m\u00e1s \u00bb\t\t<\/a>\n\n\t\t\t\t<\/div>\n\t\t\t\t<\/article>\n\t\t\t\t<article class=\"elementor-post elementor-grid-item post-148 post type-post status-publish format-standard has-post-thumbnail hentry category-proyectos\">\n\t\t\t\t<a class=\"elementor-post__thumbnail__link\" href=\"https:\/\/digitalmakersweb.com\/marca\/refrescos\/\" tabindex=\"-1\" >\n\t\t\t<div class=\"elementor-post__thumbnail\"><img decoding=\"async\" width=\"256\" height=\"300\" src=\"https:\/\/digitalmakersweb.com\/marca\/wp-content\/uploads\/sites\/29\/sites\/29\/2022\/01\/work_softy-1-256x300.jpg\" class=\"attachment-medium size-medium wp-image-145\" alt=\"\" srcset=\"https:\/\/digitalmakersweb.com\/marca\/wp-content\/uploads\/sites\/29\/sites\/29\/2022\/01\/work_softy-1-256x300.jpg 256w, https:\/\/digitalmakersweb.com\/marca\/wp-content\/uploads\/sites\/29\/sites\/29\/2022\/01\/work_softy-1-875x1024.jpg 875w, https:\/\/digitalmakersweb.com\/marca\/wp-content\/uploads\/sites\/29\/sites\/29\/2022\/01\/work_softy-1-768x899.jpg 768w, https:\/\/digitalmakersweb.com\/marca\/wp-content\/uploads\/sites\/29\/sites\/29\/2022\/01\/work_softy-1-600x702.jpg 600w, https:\/\/digitalmakersweb.com\/marca\/wp-content\/uploads\/sites\/29\/sites\/29\/2022\/01\/work_softy-1.jpg 953w\" sizes=\"(max-width: 256px) 100vw, 256px\" \/><\/div>\n\t\t<\/a>\n\t\t\t\t<div class=\"elementor-post__text\">\n\t\t\t\t<h3 class=\"elementor-post__title\">\n\t\t\t<a href=\"https:\/\/digitalmakersweb.com\/marca\/refrescos\/\" >\n\t\t\t\tRefrescos\t\t\t<\/a>\n\t\t<\/h3>\n\t\t\t\t<div class=\"elementor-post__meta-data\">\n\t\t\t\t\t<span class=\"elementor-post-date\">\n\t\t\t2025-02-10\t\t<\/span>\n\t\t\t\t<span class=\"elementor-post-avatar\">\n\t\t\tNo hay comentarios\t\t<\/span>\n\t\t\t\t<\/div>\n\t\t\t\t<div class=\"elementor-post__excerpt\">\n\t\t\t<p>Investigaci\u00f3n, Branding, Empaque, Dise\u00f1o Publicitario, Gesti\u00f3n de PPC<\/p>\n\t\t<\/div>\n\t\t\n\t\t<a class=\"elementor-post__read-more\" href=\"https:\/\/digitalmakersweb.com\/marca\/refrescos\/\" aria-label=\"M\u00e1s informaci\u00f3n sobre Refrescos\" tabindex=\"-1\" >\n\t\t\tLeer m\u00e1s \u00bb\t\t<\/a>\n\n\t\t\t\t<\/div>\n\t\t\t\t<\/article>\n\t\t\t\t<article class=\"elementor-post elementor-grid-item post-147 post type-post status-publish format-standard has-post-thumbnail hentry category-proyectos\">\n\t\t\t\t<a class=\"elementor-post__thumbnail__link\" href=\"https:\/\/digitalmakersweb.com\/marca\/cosmeticos\/\" tabindex=\"-1\" >\n\t\t\t<div class=\"elementor-post__thumbnail\"><img loading=\"lazy\" decoding=\"async\" width=\"260\" height=\"300\" src=\"https:\/\/digitalmakersweb.com\/marca\/wp-content\/uploads\/sites\/29\/sites\/29\/2022\/01\/Post_Holandria_Img_Featured-260x300.jpg\" class=\"attachment-medium size-medium wp-image-154\" alt=\"\" srcset=\"https:\/\/digitalmakersweb.com\/marca\/wp-content\/uploads\/sites\/29\/sites\/29\/2022\/01\/Post_Holandria_Img_Featured-260x300.jpg 260w, https:\/\/digitalmakersweb.com\/marca\/wp-content\/uploads\/sites\/29\/sites\/29\/2022\/01\/Post_Holandria_Img_Featured-768x885.jpg 768w, https:\/\/digitalmakersweb.com\/marca\/wp-content\/uploads\/sites\/29\/sites\/29\/2022\/01\/Post_Holandria_Img_Featured-600x692.jpg 600w, https:\/\/digitalmakersweb.com\/marca\/wp-content\/uploads\/sites\/29\/sites\/29\/2022\/01\/Post_Holandria_Img_Featured.jpg 863w\" sizes=\"(max-width: 260px) 100vw, 260px\" \/><\/div>\n\t\t<\/a>\n\t\t\t\t<div class=\"elementor-post__text\">\n\t\t\t\t<h3 class=\"elementor-post__title\">\n\t\t\t<a href=\"https:\/\/digitalmakersweb.com\/marca\/cosmeticos\/\" >\n\t\t\t\tCosm\u00e9ticos\t\t\t<\/a>\n\t\t<\/h3>\n\t\t\t\t<div class=\"elementor-post__meta-data\">\n\t\t\t\t\t<span class=\"elementor-post-date\">\n\t\t\t2025-02-10\t\t<\/span>\n\t\t\t\t<span class=\"elementor-post-avatar\">\n\t\t\tNo hay comentarios\t\t<\/span>\n\t\t\t\t<\/div>\n\t\t\t\t<div class=\"elementor-post__excerpt\">\n\t\t\t<p>Empaquetado, marca, marketing por correo electr\u00f3nico y gesti\u00f3n de afiliados<\/p>\n\t\t<\/div>\n\t\t\n\t\t<a class=\"elementor-post__read-more\" href=\"https:\/\/digitalmakersweb.com\/marca\/cosmeticos\/\" aria-label=\"M\u00e1s informaci\u00f3n sobre Cosm\u00e9ticos\" tabindex=\"-1\" >\n\t\t\tLeer m\u00e1s \u00bb\t\t<\/a>\n\n\t\t\t\t<\/div>\n\t\t\t\t<\/article>\n\t\t\t\t<article class=\"elementor-post elementor-grid-item post-146 post type-post status-publish format-standard has-post-thumbnail hentry category-proyectos\">\n\t\t\t\t<a class=\"elementor-post__thumbnail__link\" href=\"https:\/\/digitalmakersweb.com\/marca\/feria-comercial\/\" tabindex=\"-1\" >\n\t\t\t<div class=\"elementor-post__thumbnail\"><img loading=\"lazy\" decoding=\"async\" width=\"260\" height=\"300\" src=\"https:\/\/digitalmakersweb.com\/marca\/wp-content\/uploads\/sites\/29\/sites\/29\/2022\/01\/Post_MFK_Img_Featured-260x300.jpg\" class=\"attachment-medium size-medium wp-image-151\" alt=\"\" srcset=\"https:\/\/digitalmakersweb.com\/marca\/wp-content\/uploads\/sites\/29\/sites\/29\/2022\/01\/Post_MFK_Img_Featured-260x300.jpg 260w, https:\/\/digitalmakersweb.com\/marca\/wp-content\/uploads\/sites\/29\/sites\/29\/2022\/01\/Post_MFK_Img_Featured-768x885.jpg 768w, https:\/\/digitalmakersweb.com\/marca\/wp-content\/uploads\/sites\/29\/sites\/29\/2022\/01\/Post_MFK_Img_Featured-600x692.jpg 600w, https:\/\/digitalmakersweb.com\/marca\/wp-content\/uploads\/sites\/29\/sites\/29\/2022\/01\/Post_MFK_Img_Featured.jpg 863w\" sizes=\"(max-width: 260px) 100vw, 260px\" \/><\/div>\n\t\t<\/a>\n\t\t\t\t<div class=\"elementor-post__text\">\n\t\t\t\t<h3 class=\"elementor-post__title\">\n\t\t\t<a href=\"https:\/\/digitalmakersweb.com\/marca\/feria-comercial\/\" >\n\t\t\t\tMFK\t\t\t<\/a>\n\t\t<\/h3>\n\t\t\t\t<div class=\"elementor-post__meta-data\">\n\t\t\t\t\t<span class=\"elementor-post-date\">\n\t\t\t2025-02-10\t\t<\/span>\n\t\t\t\t<span class=\"elementor-post-avatar\">\n\t\t\tNo hay comentarios\t\t<\/span>\n\t\t\t\t<\/div>\n\t\t\t\t<div class=\"elementor-post__excerpt\">\n\t\t\t<p>Investigaci\u00f3n, Empaquetado, Dise\u00f1o Web, Estrategia de Contenido<\/p>\n\t\t<\/div>\n\t\t\n\t\t<a class=\"elementor-post__read-more\" href=\"https:\/\/digitalmakersweb.com\/marca\/feria-comercial\/\" aria-label=\"M\u00e1s informaci\u00f3n sobre MFK\" tabindex=\"-1\" >\n\t\t\tLeer m\u00e1s \u00bb\t\t<\/a>\n\n\t\t\t\t<\/div>\n\t\t\t\t<\/article>\n\t\t\t\t<article class=\"elementor-post elementor-grid-item post-144 post type-post status-publish format-standard has-post-thumbnail hentry category-proyectos\">\n\t\t\t\t<a class=\"elementor-post__thumbnail__link\" href=\"https:\/\/digitalmakersweb.com\/marca\/joyeria\/\" tabindex=\"-1\" >\n\t\t\t<div class=\"elementor-post__thumbnail\"><img loading=\"lazy\" decoding=\"async\" width=\"260\" height=\"300\" src=\"https:\/\/digitalmakersweb.com\/marca\/wp-content\/uploads\/sites\/29\/sites\/29\/2022\/01\/Post_Cela_Img_Featured-260x300.jpg\" class=\"attachment-medium size-medium wp-image-152\" alt=\"\" srcset=\"https:\/\/digitalmakersweb.com\/marca\/wp-content\/uploads\/sites\/29\/sites\/29\/2022\/01\/Post_Cela_Img_Featured-260x300.jpg 260w, https:\/\/digitalmakersweb.com\/marca\/wp-content\/uploads\/sites\/29\/sites\/29\/2022\/01\/Post_Cela_Img_Featured-768x885.jpg 768w, https:\/\/digitalmakersweb.com\/marca\/wp-content\/uploads\/sites\/29\/sites\/29\/2022\/01\/Post_Cela_Img_Featured-600x692.jpg 600w, https:\/\/digitalmakersweb.com\/marca\/wp-content\/uploads\/sites\/29\/sites\/29\/2022\/01\/Post_Cela_Img_Featured.jpg 863w\" sizes=\"(max-width: 260px) 100vw, 260px\" \/><\/div>\n\t\t<\/a>\n\t\t\t\t<div class=\"elementor-post__text\">\n\t\t\t\t<h3 class=\"elementor-post__title\">\n\t\t\t<a href=\"https:\/\/digitalmakersweb.com\/marca\/joyeria\/\" >\n\t\t\t\tJoyer\u00eda\t\t\t<\/a>\n\t\t<\/h3>\n\t\t\t\t<div class=\"elementor-post__meta-data\">\n\t\t\t\t\t<span class=\"elementor-post-date\">\n\t\t\t2025-02-10\t\t<\/span>\n\t\t\t\t<span class=\"elementor-post-avatar\">\n\t\t\tNo hay comentarios\t\t<\/span>\n\t\t\t\t<\/div>\n\t\t\t\t<div class=\"elementor-post__excerpt\">\n\t\t\t<p>Comercio electr\u00f3nico, Desarrollo web, Campa\u00f1as PPC, SEO<\/p>\n\t\t<\/div>\n\t\t\n\t\t<a class=\"elementor-post__read-more\" href=\"https:\/\/digitalmakersweb.com\/marca\/joyeria\/\" aria-label=\"M\u00e1s informaci\u00f3n sobre Joyer\u00eda\" tabindex=\"-1\" >\n\t\t\tLeer m\u00e1s \u00bb\t\t<\/a>\n\n\t\t\t\t<\/div>\n\t\t\t\t<\/article>\n\t\t\t\t<\/div>\n\t\t\n\t\t\t\t\t\t<\/div>\n\t\t\t\t<\/div>\n\t\t\t\t\t<\/div>\n\t\t\t\t<\/div>\n\t\t\t\t<\/div>\n\t\t","protected":false},"excerpt":{"rendered":"","protected":false},"author":1,"featured_media":0,"parent":0,"menu_order":0,"comment_status":"closed","ping_status":"closed","template":"elementor_header_footer","meta":{"_joinchat":[],"footnotes":""},"class_list":["post-304","page","type-page","status-publish","hentry"],"_links":{"self":[{"href":"https:\/\/digitalmakersweb.com\/marca\/wp-json\/wp\/v2\/pages\/304","targetHints":{"allow":["GET"]}}],"collection":[{"href":"https:\/\/digitalmakersweb.com\/marca\/wp-json\/wp\/v2\/pages"}],"about":[{"href":"https:\/\/digitalmakersweb.com\/marca\/wp-json\/wp\/v2\/types\/page"}],"author":[{"embeddable":true,"href":"https:\/\/digitalmakersweb.com\/marca\/wp-json\/wp\/v2\/users\/1"}],"replies":[{"embeddable":true,"href":"https:\/\/digitalmakersweb.com\/marca\/wp-json\/wp\/v2\/comments?post=304"}],"version-history":[{"count":13,"href":"https:\/\/digitalmakersweb.com\/marca\/wp-json\/wp\/v2\/pages\/304\/revisions"}],"predecessor-version":[{"id":338,"href":"https:\/\/digitalmakersweb.com\/marca\/wp-json\/wp\/v2\/pages\/304\/revisions\/338"}],"wp:attachment":[{"href":"https:\/\/digitalmakersweb.com\/marca\/wp-json\/wp\/v2\/media?parent=304"}],"curies":[{"name":"wp","href":"https:\/\/api.w.org\/{rel}","templated":true}]}}